{"id":42,"date":"2017-09-07T17:13:56","date_gmt":"2017-09-07T17:13:56","guid":{"rendered":"http:\/\/www.thermopackargentina.com.ar\/selladoras-de-bolsas-de-friselina\/?page_id=42"},"modified":"2017-09-07T17:13:56","modified_gmt":"2017-09-07T17:13:56","slug":"empresa","status":"publish","type":"page","link":"http:\/\/www.thermopackargentina.com.ar\/selladoras-de-bolsas-de-friselina\/empresa\/","title":{"rendered":"Empresa"},"content":{"rendered":"<p class=\"style2\" style=\"text-align: left;\" align=\"center\">Somos una Empresa familiar, dedicada a la fabricaci\u00f3n y mantenimiento de m\u00e1quinas para la industria. Ya por el a\u00f1o 1999, comenzamos a fabricar exclusivamente m\u00e1quinas selladoras de polietileno, confeccionadoras y equipos para envasado en termocontraible.<\/p>\n<p class=\"style2\" style=\"text-align: left;\" align=\"center\">Disponemos de diversos modelos de manera tal que nuestros clientes puedan satisfacer sus necesidades. Nuestras m\u00e1quinas son aptas para la alta producci\u00f3n y uso continuo.<\/p>\n<p class=\"style2\" style=\"text-align: left;\" align=\"center\">El ser una empresa familiar nos permite dar una atenci\u00f3n personalizada y estar en los peque\u00f1os detalles que se necesitan para obtener el mejor resultado.<\/p>\n<p style=\"text-align: left;\" align=\"center\"><span class=\"style2\">Nuestro mayor orgullo, es saber que el 90% de Nuestros Clientes llegan recomendados por los actuales.<\/span><\/p>\n<p align=\"center\">\n","protected":false},"excerpt":{"rendered":"<p>Somos una Empresa familiar, dedicada a la fabricaci\u00f3n y mantenimiento de m\u00e1quinas para la industria. Ya por el a\u00f1o 1999, comenzamos a fabricar exclusivamente m\u00e1quinas selladoras de polietileno, confeccionadoras y equipos para envasado en termocontraible. Disponemos de diversos modelos de manera tal que nuestros clientes puedan satisfacer sus necesidades. Nuestras m\u00e1quinas son aptas para la [&hellip;]<\/p>\n","protected":false},"author":1,"featured_media":0,"parent":0,"menu_order":0,"comment_status":"closed","ping_status":"closed","template":"","meta":[],"_links":{"self":[{"href":"http:\/\/www.thermopackargentina.com.ar\/selladoras-de-bolsas-de-friselina\/wp-json\/wp\/v2\/pages\/42"}],"collection":[{"href":"http:\/\/www.thermopackargentina.com.ar\/selladoras-de-bolsas-de-friselina\/wp-json\/wp\/v2\/pages"}],"about":[{"href":"http:\/\/www.thermopackargentina.com.ar\/selladoras-de-bolsas-de-friselina\/wp-json\/wp\/v2\/types\/page"}],"author":[{"embeddable":true,"href":"http:\/\/www.thermopackargentina.com.ar\/selladoras-de-bolsas-de-friselina\/wp-json\/wp\/v2\/users\/1"}],"replies":[{"embeddable":true,"href":"http:\/\/www.thermopackargentina.com.ar\/selladoras-de-bolsas-de-friselina\/wp-json\/wp\/v2\/comments?post=42"}],"version-history":[{"count":1,"href":"http:\/\/www.thermopackargentina.com.ar\/selladoras-de-bolsas-de-friselina\/wp-json\/wp\/v2\/pages\/42\/revisions"}],"predecessor-version":[{"id":43,"href":"http:\/\/www.thermopackargentina.com.ar\/selladoras-de-bolsas-de-friselina\/wp-json\/wp\/v2\/pages\/42\/revisions\/43"}],"wp:attachment":[{"href":"http:\/\/www.thermopackargentina.com.ar\/selladoras-de-bolsas-de-friselina\/wp-json\/wp\/v2\/media?parent=42"}],"curies":[{"name":"wp","href":"https:\/\/api.w.org\/{rel}","templated":true}]}}