{"id":47,"date":"2017-09-07T17:14:36","date_gmt":"2017-09-07T17:14:36","guid":{"rendered":"http:\/\/www.thermopackargentina.com.ar\/selladoras-de-bolsas-de-friselina\/?page_id=47"},"modified":"2021-07-08T12:21:02","modified_gmt":"2021-07-08T12:21:02","slug":"contacto","status":"publish","type":"page","link":"http:\/\/www.thermopackargentina.com.ar\/selladoras-de-bolsas-de-friselina\/contacto\/","title":{"rendered":"Contacto"},"content":{"rendered":"<p class=\"Estilo3\" align=\"left\"><strong><span class=\"Estilo3\">Thermopack Argentina<\/span><\/strong><\/p>\n<p><strong>Direcci\u00f3n:<\/strong><br \/>\nLas Heras 2537 &#8211; Banfield<br \/>\nLomas de Zamora<br \/>\nProvincia de Buenos Aires<br \/>\nRep\u00fablica Argentina<\/p>\n<p><strong>Horario de Atenci\u00f3n<br \/>\n<\/strong>Lunes a Viernes de 9 a 13 hs<strong><br \/>\n<\/strong><\/p>\n<p><strong>Tel\u00e9fono:<\/strong><br \/>\n<img loading=\"lazy\" class=\"alignnone size-full wp-image-429\" src=\"http:\/\/thermopack.com.ar\/selladoras-de-bolsas-de-polietileno\/wp-content\/uploads\/2019\/02\/was.png\" alt=\"\" width=\"20\" height=\"20\" \/> (011) 15-3893-8474<\/p>\n<p class=\"Estilo3\" align=\"left\"><strong>Email:<\/strong><br \/>\n<span class=\"Estilo3\"><a class=\"boton2\" href=\"mailto:info@thermopack.com.ar\">info@thermopack.com.ar<\/a><\/span><\/p>\n<p align=\"left\">\n","protected":false},"excerpt":{"rendered":"<p>Thermopack Argentina Direcci\u00f3n: Las Heras 2537 &#8211; Banfield Lomas de Zamora Provincia de Buenos Aires Rep\u00fablica Argentina Horario de Atenci\u00f3n Lunes a Viernes de 9 a 13 hs Tel\u00e9fono: (011) 15-3893-8474 Email: info@thermopack.com.ar<\/p>\n","protected":false},"author":1,"featured_media":0,"parent":0,"menu_order":0,"comment_status":"closed","ping_status":"closed","template":"","meta":[],"_links":{"self":[{"href":"http:\/\/www.thermopackargentina.com.ar\/selladoras-de-bolsas-de-friselina\/wp-json\/wp\/v2\/pages\/47"}],"collection":[{"href":"http:\/\/www.thermopackargentina.com.ar\/selladoras-de-bolsas-de-friselina\/wp-json\/wp\/v2\/pages"}],"about":[{"href":"http:\/\/www.thermopackargentina.com.ar\/selladoras-de-bolsas-de-friselina\/wp-json\/wp\/v2\/types\/page"}],"author":[{"embeddable":true,"href":"http:\/\/www.thermopackargentina.com.ar\/selladoras-de-bolsas-de-friselina\/wp-json\/wp\/v2\/users\/1"}],"replies":[{"embeddable":true,"href":"http:\/\/www.thermopackargentina.com.ar\/selladoras-de-bolsas-de-friselina\/wp-json\/wp\/v2\/comments?post=47"}],"version-history":[{"count":10,"href":"http:\/\/www.thermopackargentina.com.ar\/selladoras-de-bolsas-de-friselina\/wp-json\/wp\/v2\/pages\/47\/revisions"}],"predecessor-version":[{"id":307,"href":"http:\/\/www.thermopackargentina.com.ar\/selladoras-de-bolsas-de-friselina\/wp-json\/wp\/v2\/pages\/47\/revisions\/307"}],"wp:attachment":[{"href":"http:\/\/www.thermopackargentina.com.ar\/selladoras-de-bolsas-de-friselina\/wp-json\/wp\/v2\/media?parent=47"}],"curies":[{"name":"wp","href":"https:\/\/api.w.org\/{rel}","templated":true}]}}