{"id":135,"date":"2017-09-13T19:40:58","date_gmt":"2017-09-13T19:40:58","guid":{"rendered":"http:\/\/www.thermopackargentina.com.ar\/selladoras-de-bolsas-de-friselina\/?post_type=product&#038;p=135"},"modified":"2017-09-13T19:40:58","modified_gmt":"2017-09-13T19:40:58","slug":"modelo-tunel-termocontraible-tc-600","status":"publish","type":"product","link":"http:\/\/www.thermopackargentina.com.ar\/selladoras-de-bolsas-de-friselina\/producto\/modelo-tunel-termocontraible-tc-600\/","title":{"rendered":"Modelo T\u00fanel termocontraible TC 600"},"content":{"rendered":"","protected":false},"excerpt":{"rendered":"<p>Tensi\u00f3n de alimentaci\u00f3n 380 volt.<br \/>\nLargo total 2000 mm.<br \/>\nAncho total 8600 mm.<br \/>\nAltura 1800 mm.<br \/>\nLargo de c\u00e1mara 1300 mm.<br \/>\nBoca de entrada 600 x 500 mm. ( ancho x alto ).<br \/>\nPotencia max. 16 kw.<br \/>\nControl de temperatura digital.<br \/>\nVariador electr\u00f3nico de velocidad ( INVERTER ).<br \/>\nEstructura reforzada 50 x 30 x 2 mm. revestida.<br \/>\nCinta transportadora met\u00e1lica.<br \/>\nTratamiento anticorrosivo.<br \/>\nPintura al epoxi texturada exterior.<br \/>\nInteriores zincados.<br \/>\nRuedas para transporte.<br \/>\nDoble aislamiento t\u00e9rmico.<\/p>\n","protected":false},"featured_media":136,"template":"","meta":[],"_links":{"self":[{"href":"http:\/\/www.thermopackargentina.com.ar\/selladoras-de-bolsas-de-friselina\/wp-json\/wp\/v2\/product\/135"}],"collection":[{"href":"http:\/\/www.thermopackargentina.com.ar\/selladoras-de-bolsas-de-friselina\/wp-json\/wp\/v2\/product"}],"about":[{"href":"http:\/\/www.thermopackargentina.com.ar\/selladoras-de-bolsas-de-friselina\/wp-json\/wp\/v2\/types\/product"}],"wp:featuredmedia":[{"embeddable":true,"href":"http:\/\/www.thermopackargentina.com.ar\/selladoras-de-bolsas-de-friselina\/wp-json\/wp\/v2\/media\/136"}],"wp:attachment":[{"href":"http:\/\/www.thermopackargentina.com.ar\/selladoras-de-bolsas-de-friselina\/wp-json\/wp\/v2\/media?parent=135"}],"curies":[{"name":"wp","href":"https:\/\/api.w.org\/{rel}","templated":true}]}}